{"id":104247,"date":"2022-03-04T12:37:54","date_gmt":"2022-03-04T12:37:54","guid":{"rendered":"https:\/\/www.musicarteducation.com\/o-nami\/"},"modified":"2023-09-11T15:33:33","modified_gmt":"2023-09-11T15:33:33","slug":"o-nami","status":"publish","type":"page","link":"https:\/\/www.musicarteducation.com\/hr\/o-nami\/","title":{"rendered":"O nama"},"content":{"rendered":"<p>[et_pb_section fb_built=&#8221;1&#8243; _builder_version=&#8221;4.16&#8243; _module_preset=&#8221;default&#8221; global_colors_info=&#8221;{}&#8221;][et_pb_row _builder_version=&#8221;4.16&#8243; _module_preset=&#8221;default&#8221; global_colors_info=&#8221;{}&#8221;][et_pb_column type=&#8221;4_4&#8243; _builder_version=&#8221;4.16&#8243; _module_preset=&#8221;default&#8221; global_colors_info=&#8221;{}&#8221;][et_pb_text _builder_version=&#8221;4.22.1&#8243; _module_preset=&#8221;default&#8221; global_colors_info=&#8221;{}&#8221;]<\/p>\n<h1>PRIVATNO VISOKO U\u010cILI\u0160TE VARA\u017dDIN<\/h1>\n<p>\u200b<\/p>\n<p>&#8211; Inicijator i osniva\u010d akademije je sveu\u010d. O tome govori doc. Vjeran Je\u017eek<\/p>\n<p>&#8211; Akademija po\u010dinje s radom u listopadu 2021. godine.<\/p>\n<p>&#8211; Privatno visoko umjetni\u010dko obrazovanje kao trgova\u010dko dru\u0161tvo (jdoo) pod nazivom &#8220;Glazbeno umjetni\u010dko obrazovanje&#8221;<\/p>\n<p>&#8211; Prijemni ispiti su svake godine u srpnju &#8211; Predmet \u201cTruba\u201d, u pripremi i predmet \u201cKulturni menad\u017ement\u201d<\/p>\n<p>&#8211; Podru\u010dja studija: razvoj talenata, dodiplomski studij, poslijediplomski studij<\/p>\n<p>&#8211; Nastava se odvija u dvorcu Trako\u0161\u0107an. &#8211; U 1. god. Upisuje se najvi\u0161e 6 studenata iz gore navedenih smjerova studija<\/p>\n<p>&#8211; Svaki polaznik godi\u0161nje dobiva 32 sata nastave, uklju\u010duju\u0107i: individualnu nastavu, nastavu s etidnim programom, koncertnu i orkestralnu literaturu, osn. Sviranje, grupno muziciranje, orkestralno muziciranje, metodologija igre<\/p>\n<p>&#8211; Prakti\u010dni zavr\u0161ni ispiti planirani su u srpnju &#8211; Predava\u010di na privatnom umjetni\u010dkom u\u010dili\u0161tu su: mag.Vjeran Je\u017eek i prof.Jochen Gnauer &#8211; Studenti imaju priliku poha\u0111ati teorijske predmete na Sveu\u010dili\u0161tu u Innsbrucku<\/p>\n<p>&#8211; Rok za prijavu prijemnih ispita koji se odnose samo na praksu je 19. lipnja 2021.<\/p>\n<p>&#8211; Cijena studija po godini je &#8230; kuna ili &#8230;&#8230; eura<\/p>\n<p>&#8211; Akademija \u0107e organizirati i radionice i seminare za druge, instrumente, poseban mentalni trening za svoje studente, razne koncerte\u00a0.<\/p>\n<p>[\/et_pb_text][\/et_pb_column][\/et_pb_row][et_pb_row _builder_version=&#8221;4.16&#8243; _module_preset=&#8221;default&#8221; global_colors_info=&#8221;{}&#8221;][et_pb_column type=&#8221;4_4&#8243; _builder_version=&#8221;4.16&#8243; _module_preset=&#8221;default&#8221; global_colors_info=&#8221;{}&#8221;][et_pb_divider color=&#8221;#000000&#8243; divider_weight=&#8221;2px&#8221; _builder_version=&#8221;4.16&#8243; _module_preset=&#8221;default&#8221; width=&#8221;65%&#8221; module_alignment=&#8221;center&#8221; global_colors_info=&#8221;{}&#8221;][\/et_pb_divider][et_pb_text _builder_version=&#8221;4.16&#8243; _module_preset=&#8221;default&#8221; custom_margin=&#8221;||-24px|||&#8221; global_colors_info=&#8221;{}&#8221;]<\/p>\n<h1>GLAVNI SPONSOR<\/h1>\n<p>[\/et_pb_text][\/et_pb_column][\/et_pb_row][et_pb_row _builder_version=&#8221;4.16&#8243; _module_preset=&#8221;default&#8221; global_colors_info=&#8221;{}&#8221;][et_pb_column type=&#8221;4_4&#8243; _builder_version=&#8221;4.16&#8243; _module_preset=&#8221;default&#8221; global_colors_info=&#8221;{}&#8221;][et_pb_slider show_pagination=&#8221;off&#8221; use_bg_overlay=&#8221;on&#8221; use_text_overlay=&#8221;off&#8221; _builder_version=&#8221;4.20.2&#8243; _module_preset=&#8221;default&#8221; background_enable_color=&#8221;off&#8221; global_colors_info=&#8221;{}&#8221;][et_pb_slide heading=&#8221;Schagerl Austria&#8221; button_link=&#8221;https:\/\/schagerl.com&#8221; url_new_window=&#8221;on&#8221; image=&#8221;https:\/\/www.musicarteducation.com\/wp-content\/uploads\/2022\/03\/Music-Art-Education-Partner-3.png&#8221; _builder_version=&#8221;4.20.2&#8243; _module_preset=&#8221;default&#8221; background_enable_color=&#8221;off&#8221; global_colors_info=&#8221;{}&#8221; sticky_transition=&#8221;on&#8221;][\/et_pb_slide][\/et_pb_slider][\/et_pb_column][\/et_pb_row][et_pb_row _builder_version=&#8221;4.16&#8243; _module_preset=&#8221;default&#8221; global_colors_info=&#8221;{}&#8221;][et_pb_column type=&#8221;4_4&#8243; _builder_version=&#8221;4.16&#8243; _module_preset=&#8221;default&#8221; global_colors_info=&#8221;{}&#8221;][et_pb_divider color=&#8221;#000000&#8243; divider_weight=&#8221;2px&#8221; _builder_version=&#8221;4.16&#8243; _module_preset=&#8221;default&#8221; width=&#8221;65%&#8221; module_alignment=&#8221;center&#8221; global_colors_info=&#8221;{}&#8221;][\/et_pb_divider][et_pb_text _builder_version=&#8221;4.16&#8243; _module_preset=&#8221;default&#8221; custom_margin=&#8221;||-24px|||&#8221; global_colors_info=&#8221;{}&#8221;]<\/p>\n<h1>PARTNERI<\/h1>\n<p>[\/et_pb_text][\/et_pb_column][\/et_pb_row][et_pb_row _builder_version=&#8221;4.16&#8243; _module_preset=&#8221;default&#8221; global_colors_info=&#8221;{}&#8221;][et_pb_column type=&#8221;4_4&#8243; _builder_version=&#8221;4.16&#8243; _module_preset=&#8221;default&#8221; global_colors_info=&#8221;{}&#8221;][et_pb_slider show_pagination=&#8221;off&#8221; use_bg_overlay=&#8221;on&#8221; use_text_overlay=&#8221;off&#8221; _builder_version=&#8221;4.22.1&#8243; _module_preset=&#8221;default&#8221; background_enable_color=&#8221;off&#8221; global_colors_info=&#8221;{}&#8221;][et_pb_slide heading=&#8221;Dvor Trako\u0161\u0107an&#8221; button_link=&#8221;https:\/\/trakoscan.hr&#8221; url_new_window=&#8221;on&#8221; _builder_version=&#8221;4.22.1&#8243; _module_preset=&#8221;default&#8221; background_enable_color=&#8221;off&#8221; global_colors_info=&#8221;{}&#8221; sticky_transition=&#8221;on&#8221;][\/et_pb_slide][et_pb_slide heading=&#8221;Kulturgipfel M\u00fcnchen&#8221; button_link=&#8221;https:\/\/www.kulturgipfel.de&#8221; url_new_window=&#8221;on&#8221; image=&#8221;https:\/\/www.musicarteducation.com\/wp-content\/uploads\/2022\/03\/Music-Art-Education-Partner-4.png&#8221; _builder_version=&#8221;4.16&#8243; _module_preset=&#8221;default&#8221; background_enable_color=&#8221;off&#8221; global_colors_info=&#8221;{}&#8221; sticky_transition=&#8221;on&#8221;][\/et_pb_slide][\/et_pb_slider][\/et_pb_column][\/et_pb_row][\/et_pb_section]<\/p>\n","protected":false},"excerpt":{"rendered":"<p>PRIVATNO VISOKO U\u010cILI\u0160TE VARA\u017dDIN \u200b &#8211; Inicijator i osniva\u010d akademije je sveu\u010d. O tome govori doc. Vjeran Je\u017eek &#8211; Akademija po\u010dinje s radom u listopadu 2021. godine. &#8211; Privatno visoko umjetni\u010dko obrazovanje kao trgova\u010dko dru\u0161tvo (jdoo) pod nazivom &#8220;Glazbeno umjetni\u010dko obrazovanje&#8221; &#8211; Prijemni ispiti su svake godine u srpnju &#8211; Predmet \u201cTruba\u201d, u pripremi i [&hellip;]<\/p>\n","protected":false},"author":2,"featured_media":0,"parent":0,"menu_order":0,"comment_status":"closed","ping_status":"closed","template":"","meta":{"_et_pb_use_builder":"on","_et_pb_old_content":"","_et_gb_content_width":"","footnotes":""},"class_list":["post-104247","page","type-page","status-publish","hentry"],"_links":{"self":[{"href":"https:\/\/www.musicarteducation.com\/hr\/wp-json\/wp\/v2\/pages\/104247","targetHints":{"allow":["GET"]}}],"collection":[{"href":"https:\/\/www.musicarteducation.com\/hr\/wp-json\/wp\/v2\/pages"}],"about":[{"href":"https:\/\/www.musicarteducation.com\/hr\/wp-json\/wp\/v2\/types\/page"}],"author":[{"embeddable":true,"href":"https:\/\/www.musicarteducation.com\/hr\/wp-json\/wp\/v2\/users\/2"}],"replies":[{"embeddable":true,"href":"https:\/\/www.musicarteducation.com\/hr\/wp-json\/wp\/v2\/comments?post=104247"}],"version-history":[{"count":35,"href":"https:\/\/www.musicarteducation.com\/hr\/wp-json\/wp\/v2\/pages\/104247\/revisions"}],"predecessor-version":[{"id":104797,"href":"https:\/\/www.musicarteducation.com\/hr\/wp-json\/wp\/v2\/pages\/104247\/revisions\/104797"}],"wp:attachment":[{"href":"https:\/\/www.musicarteducation.com\/hr\/wp-json\/wp\/v2\/media?parent=104247"}],"curies":[{"name":"wp","href":"https:\/\/api.w.org\/{rel}","templated":true}]}}