{"id":104265,"date":"2022-03-04T13:39:04","date_gmt":"2022-03-04T13:39:04","guid":{"rendered":"https:\/\/www.musicarteducation.com\/impressum\/"},"modified":"2022-04-26T17:42:27","modified_gmt":"2022-04-26T17:42:27","slug":"impressum","status":"publish","type":"page","link":"https:\/\/www.musicarteducation.com\/hr\/impressum\/","title":{"rendered":"Impressum"},"content":{"rendered":"<p>[et_pb_section fb_built=&#8221;1&#8243; admin_label=&#8221;section&#8221; _builder_version=&#8221;4.16&#8243; global_colors_info=&#8221;{}&#8221;][et_pb_row admin_label=&#8221;row&#8221; _builder_version=&#8221;4.16&#8243; background_size=&#8221;initial&#8221; background_position=&#8221;top_left&#8221; background_repeat=&#8221;repeat&#8221; global_colors_info=&#8221;{}&#8221;][et_pb_column type=&#8221;4_4&#8243; _builder_version=&#8221;4.16&#8243; custom_padding=&#8221;|||&#8221; global_colors_info=&#8221;{}&#8221; custom_padding__hover=&#8221;|||&#8221;][et_pb_text admin_label=&#8221;Text&#8221; _builder_version=&#8221;4.16&#8243; background_size=&#8221;initial&#8221; background_position=&#8221;top_left&#8221; background_repeat=&#8221;repeat&#8221; global_colors_info=&#8221;{}&#8221;]<\/p>\n<h3><strong>Klijent i odgovoran za sav sadr\u017eaj:<\/strong><\/h3>\n<p>Music Art Education j.d.o.o.<br \/>Ljudevita Gaja 8, 42250 Lepoglava (HR)<\/p>\n<p>Email: <a href=\"mailto:music.art.education21@gmail.com\">music.art.education21@gmail.com<\/a><span> <\/span><br \/>Web: www.musicarteducation.com<\/p>\n<p>Tel: +49 176 99060059<\/p>\n<p>PDV broj: HR91592795635<br \/>ID: 9934:91592795635<br \/>MB: 05474957<\/p>\n<h3><strong>Koncept, web dizajn i programiranje:<\/strong><\/h3>\n<p>kurisMEDiA des Raffeiner Kurt<br \/>info@kurismedia.com<br \/>www.kurismedia.com<\/p>\n<p><strong>1. Sadr\u017eaj<\/strong><br \/>Unato\u010d pa\u017eljivoj provjeri to\u010dnosti i potpunosti sadr\u017eaja i informacija na ovoj web stranici, ne preuzimamo nikakvu odgovornost niti jam\u010dimo za istu. Zadr\u017eavamo pravo a\u017euriranja, izmjena ili dopuna danih informacija bez prethodne obavijesti.<\/p>\n<p><strong>2. Reference i veze<\/strong><br \/>Ne preuzimamo nikakvu odgovornost za sadr\u017eaj vanjskih poveznica. Operateri povezanih stranica isklju\u010divo su odgovorni za njihov sadr\u017eaj.<\/p>\n<p><strong>3. Autorsko pravo (zakon o autorskim pravima i \u017eigovima)<\/strong><br \/>Sadr\u017eaj ove web stranice za\u0161ti\u0107en je autorskim pravom. Reprodukcija ili uporaba u drugim elektroni\u010dkim ili tiskanim publikacijama nije dopu\u0161tena bez na\u0161eg izri\u010ditog pristanka.<\/p>\n<p><strong>4. SSL enkripcija<\/strong><br \/>Iz sigurnosnih razloga i radi za\u0161tite prijenosa povjerljivog sadr\u017eaja, kao \u0161to su upiti koje nam \u0161aljete kao operateru stranice, ova stranica koristi SSL enkripciju. \u0160ifriranu vezu mo\u017eete prepoznati po \u010dinjenici da se adresni redak preglednika mijenja iz &#8220;http:\/\/&#8221; u &#8220;https:\/\/&#8221; i po simbolu lokota u retku preglednika. Ako je aktivirana SSL enkripcija, tre\u0107e strane ne mogu \u010ditati podatke koje nam \u0161aljete.<\/p>\n<p><strong>5. Pravni u\u010dinak<\/strong><br \/>Ako dijelovi ili pojedina\u010dne formulacije ovog teksta ne odgovaraju, vi\u0161e ili ne odgovaraju u potpunosti mjerodavnoj pravnoj situaciji, sadr\u017eaj i valjanost preostalih dijelova dokumenta ostaju nepromijenjeni. Kori\u0161tenje web stranice ne stvara nikakav ugovor ili prava. Pravni sporovi rje\u0161avaju se na nadle\u017enom sudu.<\/p>\n<p><strong>6. YouTubea<\/strong><br \/>Ugra\u0111ujemo videozapise s usluge &#8220;YouTube&#8221; koju pru\u017ea Google LLC, 1600 Amphitheatre Parkway, Mountain View, CA 94043, SAD. \u010cim se pozove stranica na ovoj po\u010detnoj stranici opremljena YouTube videom i po\u010dnete s reprodukcijom, uspostavlja se veza s YouTube poslu\u017eiteljima. YouTube poslu\u017eitelj dobiva obavijest koja je odre\u0111ena stranica ove web stranice posje\u0107ena. Ako ste prijavljeni, va\u0161e pona\u0161anje surfanja bit \u0107e dodijeljeno va\u0161em osobnom profilu.<br \/>Ovu opciju mo\u017eete sprije\u010diti ako se prethodno odjavite s YouTubea. Dodatne informacije o prikupljanju i kori\u0161tenju va\u0161ih podataka od strane YouTubea mo\u017eete prona\u0107i u informacijama o za\u0161titi podataka na www.youtube.com.<br \/>Daljnje informacije o za\u0161titi podataka na &#8220;YouTubeu&#8221; mogu se prona\u0107i u Davateljevoj izjavi o za\u0161titi podataka na: https:\/\/www.google.de\/intl\/de\/policies\/privacy<\/p>\n<p><strong>7.Google karte<\/strong><br \/>Integriramo karte usluge &#8220;Google Maps&#8221; koju pru\u017ea Google LLC, 1600 Amphitheatre Parkway, Mountain View, CA 94043, SAD. Obra\u0111eni podaci mogu uklju\u010divati, posebice, IP adrese i podatke o lokaciji korisnika, koji se, me\u0111utim, ne prikupljaju bez njihovog pristanka (obi\u010dno kao dio postavki na njihovim mobilnim ure\u0111ajima). Podaci se mogu obraditi u SAD-u. Izjava o za\u0161titi podataka: https:\/\/www.google.com\/policies\/privacy\/, isklju\u010divanje: https:\/\/adssettings.google.com\/authenticated<\/p>\n<p><strong>8. Google Fontovi<\/strong><br \/>Integriramo fontove (&#8220;Google Fontovi&#8221;) od davatelja Google LLC, 1600 Amphitheatre Parkway, Mountain View, CA 94043, SAD.<br \/>Izjava o za\u0161titi podataka: https:\/\/www.google.com\/policies\/privacy\/, isklju\u010divanje: https:\/\/adssettings.google.com\/authenticated<\/p>\n<p><strong>9. Video, glazba i izvori slika<\/strong><br \/>\u00a9 kurisMEDiA by Raffeiner Kurt, Music Art Education j.d.o.o., Pixabay, Schagerl Austrija<\/p>\n<p><strong>10. Online rje\u0161avanje sporova (ODR)<\/strong><br \/>Platforma Europske komisije za online rje\u0161avanje sporova: https:\/\/www.ec.europa.eu\/consumers\/odr<\/p>\n<p>[\/et_pb_text][\/et_pb_column][\/et_pb_row][\/et_pb_section]<\/p>\n","protected":false},"excerpt":{"rendered":"<p>Klijent i odgovoran za sav sadr\u017eaj: Music Art Education j.d.o.o.Ljudevita Gaja 8, 42250 Lepoglava (HR) Email: music.art.education21@gmail.com Web: www.musicarteducation.com Tel: +49 176 99060059 PDV broj: HR91592795635ID: 9934:91592795635MB: 05474957 Koncept, web dizajn i programiranje: kurisMEDiA des Raffeiner Kurtinfo@kurismedia.comwww.kurismedia.com 1. Sadr\u017eajUnato\u010d pa\u017eljivoj provjeri to\u010dnosti i potpunosti sadr\u017eaja i informacija na ovoj web stranici, ne preuzimamo nikakvu odgovornost [&hellip;]<\/p>\n","protected":false},"author":2,"featured_media":0,"parent":0,"menu_order":0,"comment_status":"closed","ping_status":"closed","template":"","meta":{"_et_pb_use_builder":"on","_et_pb_old_content":"","_et_gb_content_width":"","footnotes":""},"class_list":["post-104265","page","type-page","status-publish","hentry"],"_links":{"self":[{"href":"https:\/\/www.musicarteducation.com\/hr\/wp-json\/wp\/v2\/pages\/104265","targetHints":{"allow":["GET"]}}],"collection":[{"href":"https:\/\/www.musicarteducation.com\/hr\/wp-json\/wp\/v2\/pages"}],"about":[{"href":"https:\/\/www.musicarteducation.com\/hr\/wp-json\/wp\/v2\/types\/page"}],"author":[{"embeddable":true,"href":"https:\/\/www.musicarteducation.com\/hr\/wp-json\/wp\/v2\/users\/2"}],"replies":[{"embeddable":true,"href":"https:\/\/www.musicarteducation.com\/hr\/wp-json\/wp\/v2\/comments?post=104265"}],"version-history":[{"count":7,"href":"https:\/\/www.musicarteducation.com\/hr\/wp-json\/wp\/v2\/pages\/104265\/revisions"}],"predecessor-version":[{"id":104460,"href":"https:\/\/www.musicarteducation.com\/hr\/wp-json\/wp\/v2\/pages\/104265\/revisions\/104460"}],"wp:attachment":[{"href":"https:\/\/www.musicarteducation.com\/hr\/wp-json\/wp\/v2\/media?parent=104265"}],"curies":[{"name":"wp","href":"https:\/\/api.w.org\/{rel}","templated":true}]}}