{"id":104279,"date":"2022-03-04T14:19:08","date_gmt":"2022-03-04T14:19:08","guid":{"rendered":"https:\/\/www.musicarteducation.com\/politika-kolacica\/"},"modified":"2022-04-29T14:40:08","modified_gmt":"2022-04-29T14:40:08","slug":"politika-kolacica","status":"publish","type":"page","link":"https:\/\/www.musicarteducation.com\/hr\/politika-kolacica\/","title":{"rendered":"Politika kola\u010di\u0107a"},"content":{"rendered":"<p>\u0160to su kola\u010di\u0107i?<\/p>\n<p>Kola\u010di\u0107i su male tekstualne datoteke koje se postavljaju na va\u0161e ra\u010dunalo kada posjetite odre\u0111ene web stranice.<\/p>\n<p>Koristimo kola\u010di\u0107e za web stranicu i poddomene &#8211; tra\u017ee\u0107i pristanak korisnika kada je to izri\u010dito propisano zakonom ili drugim relevantnim propisom &#8211; kako bismo olak\u0161ali navigaciju korisnika i personalizirali informacije koje se pru\u017eaju korisniku. Tako\u0111er koristimo odgovaraju\u0107e sustave za prikupljanje podataka o korisniku, kao \u0161to su njihova IP adresa, kori\u0161teni preglednik i operativni sustav i\/ili web stranice koje korisnik posje\u0107uje u sigurnosne i statisti\u010dke svrhe.<br \/>\nAko odlu\u010dite onemogu\u0107iti ili odbiti kola\u010di\u0107e, neki dijelovi web stranice i pridru\u017eene poddomene mo\u017eda ne\u0107e biti dostupni ili ne\u0107e ispravno funkcionirati.<\/p>\n<p>Kako biste osigurali potpuno i bez problema kori\u0161tenje ove web stranice, trebali biste postaviti svoj preglednik da prihva\u0107a ove kola\u010di\u0107e. Kola\u010di\u0107i ne predstavljaju nikakav rizik za va\u0161e ra\u010dunalo, tablet ili pametni telefon.Kola\u010di\u0107i koje generira web stranica ne sadr\u017ee nikakve osobne podatke koji se mogu koristiti za identifikaciju korisnika, ve\u0107 samo \u0161ifrirane podatke.<\/p>\n<p>Vrste kori\u0161tenih kola\u010di\u0107a<br \/>\nWeb stranica i povezane poddomene koriste sljede\u0107e vrste kola\u010di\u0107a:<\/p>\n<p>Tehni\u010dki kola\u010di\u0107i<br \/>\nOvi kola\u010di\u0107i omogu\u0107uju vam kretanje po web stranici i kori\u0161tenje njezinih funkcija. Bez kola\u010di\u0107a mo\u017eda ne\u0107ete mo\u0107i pristupiti ovim zna\u010dajkama ili mo\u017eda ne\u0107e raditi ispravno.<br \/>\nZa pohranu identifikatora koriste se strogo potrebni kola\u010di\u0107i kako bismo mogli jedinstveno identificirati svakog korisnika i pru\u017eiti dosljednu i prilago\u0111enu uslugu.<br \/>\nkola\u010di\u0107i performansi<br \/>\nOvi kola\u010di\u0107i mogu do\u0107i od nas ili od jednog od na\u0161ih partnera; to mogu biti kola\u010di\u0107i sesije ili trajni kola\u010di\u0107i. Oni su samo za izvedbu i pobolj\u0161anje web stranice. Ovi kola\u010di\u0107i ne prikupljaju nikakve podatke koji se mogu koristiti za identifikaciju korisnika. Sve informacije prikupljene kori\u0161tenjem ovih kola\u010di\u0107a agregiraju se u anonimnom obliku i koriste se samo za pobolj\u0161anje funkcionalnosti web stranice.<\/p>\n<p>funkcionalni kola\u010di\u0107i<br \/>\nKola\u010di\u0107i se obi\u010dno postavljaju na ra\u010dunalo korisnika kao rezultat radnje koju poduzima korisnik, ali se tako\u0111er mogu primiti kada se korisniku ponudi usluga, a da to nije izri\u010dito zatra\u017eio. Mogu se koristiti kako bi se sprije\u010dilo da se ista usluga ponudi vi\u0161e puta istom korisniku. Osim toga, ovi kola\u010di\u0107i omogu\u0107uju web stranici pra\u0107enje odabira korisnika. Podaci koji ovi kola\u010di\u0107i prikupljaju anonimni su i ne mogu se koristiti za procjenu pona\u0161anja korisnika na drugim web stranicama.<\/p>\n<p>Kola\u010di\u0107i tre\u0107e strane u marketin\u0161ke svrhe<br \/>\nPartneri koriste ove kola\u010di\u0107e za prikazivanje na\u0161ih reklama kada posjetite druge web stranice, na primjer kako bi vam pokazali proizvode koje ste zadnji put pogledali na na\u0161oj web stranici. Ovi se kola\u010di\u0107i tako\u0111er mogu koristiti za prikazivanje proizvoda koji bi vas mogli zanimati ili su sli\u010dni drugim proizvodima koje ste prethodno pregledali. Ovi kola\u010di\u0107i nisu povezani s obradom osobnih podataka, ali mogu omogu\u0107iti pristup pregledniku instaliranom na va\u0161em ra\u010dunalu ili drugim ure\u0111ajima.<\/p>\n<p>Popis kola\u010di\u0107a<br \/>\nKoji se kola\u010di\u0107i koriste na ovoj web stranici?<br \/>\n\u2022 wp-settings-1*, WordPress<br \/>\n\u2022 wp-settings-time-1*, WordPress<\/p>\n<p>Onemogu\u0107i kola\u010di\u0107e<br \/>\nZakoni o za\u0161titi podataka daju korisnicima mogu\u0107nost da onemogu\u0107e (\u201eisklju\u010de\u201c) kola\u010di\u0107e koji su ve\u0107 instalirani na njihovom ure\u0111aju. Ova se opcija odnosi na &#8220;tehni\u010dke kola\u010di\u0107e&#8221; (\u010dlanak 122. talijanskog kodeksa o za\u0161titi podataka) i druge kola\u010di\u0107e koje je korisnik prethodno prihvatio (&#8220;uklju\u010di se&#8221;). Korisnik mo\u017ee onemogu\u0107iti i\/ili izbrisati (\u201codjaviti\u201d) kola\u010di\u0107e koriste\u0107i postavke preglednika<\/p>\n<p>Kako onemogu\u0107iti kola\u010di\u0107e<\/p>\n<p>Internet Explorer<br \/>\nDetaljne informacije o tome mo\u017eete prona\u0107i na:<br \/>\nhttp:\/\/windows.microsoft.com\/de-de\/windows7\/block-enable-or-allow-cookies<br \/>\nFirefox<br \/>\nDetaljne informacije o tome mo\u017eete prona\u0107i na:<br \/>\nhttps:\/\/support.mozilla.org\/en\/kb\/block-cookies<br \/>\nsafari<br \/>\nDetaljne informacije o tome mo\u017eete prona\u0107i na:<br \/>\nhttps:\/\/support.apple.com\/kb\/PH5042?locale=en_US<br \/>\nGoogle Chrome<br \/>\nDetaljne informacije o tome mo\u017eete prona\u0107i na:<br \/>\nhttps:\/\/support.google.com\/chrome\/answer\/95647?hl=hr<\/p>\n<p>Pojedina\u010dne netehni\u010dke kola\u010di\u0107e tre\u0107ih strana tako\u0111er mo\u017ee onemogu\u0107iti i\/ili izbrisati korisnik, kao \u0161to je obja\u0161njeno na web stranici European Interactive Digital Advertising Alliance: www.youronlinechoices.eu.<\/p>\n","protected":false},"excerpt":{"rendered":"<p>\u0160to su kola\u010di\u0107i? Kola\u010di\u0107i su male tekstualne datoteke koje se postavljaju na va\u0161e ra\u010dunalo kada posjetite odre\u0111ene web stranice. Koristimo kola\u010di\u0107e za web stranicu i poddomene &#8211; tra\u017ee\u0107i pristanak korisnika kada je to izri\u010dito propisano zakonom ili drugim relevantnim propisom &#8211; kako bismo olak\u0161ali navigaciju korisnika i personalizirali informacije koje se pru\u017eaju korisniku. Tako\u0111er koristimo [&hellip;]<\/p>\n","protected":false},"author":2,"featured_media":0,"parent":0,"menu_order":0,"comment_status":"closed","ping_status":"closed","template":"","meta":{"_et_pb_use_builder":"","_et_pb_old_content":"","_et_gb_content_width":"","footnotes":""},"class_list":["post-104279","page","type-page","status-publish","hentry"],"_links":{"self":[{"href":"https:\/\/www.musicarteducation.com\/hr\/wp-json\/wp\/v2\/pages\/104279","targetHints":{"allow":["GET"]}}],"collection":[{"href":"https:\/\/www.musicarteducation.com\/hr\/wp-json\/wp\/v2\/pages"}],"about":[{"href":"https:\/\/www.musicarteducation.com\/hr\/wp-json\/wp\/v2\/types\/page"}],"author":[{"embeddable":true,"href":"https:\/\/www.musicarteducation.com\/hr\/wp-json\/wp\/v2\/users\/2"}],"replies":[{"embeddable":true,"href":"https:\/\/www.musicarteducation.com\/hr\/wp-json\/wp\/v2\/comments?post=104279"}],"version-history":[{"count":2,"href":"https:\/\/www.musicarteducation.com\/hr\/wp-json\/wp\/v2\/pages\/104279\/revisions"}],"predecessor-version":[{"id":104474,"href":"https:\/\/www.musicarteducation.com\/hr\/wp-json\/wp\/v2\/pages\/104279\/revisions\/104474"}],"wp:attachment":[{"href":"https:\/\/www.musicarteducation.com\/hr\/wp-json\/wp\/v2\/media?parent=104279"}],"curies":[{"name":"wp","href":"https:\/\/api.w.org\/{rel}","templated":true}]}}